{"id":2,"date":"2023-09-25T15:45:58","date_gmt":"2023-09-25T15:45:58","guid":{"rendered":"https:\/\/www.3tpartners.com\/?page_id=2"},"modified":"2024-11-22T09:21:06","modified_gmt":"2024-11-22T09:21:06","slug":"nos-livres","status":"publish","type":"page","link":"https:\/\/www.3tpartners.com\/en\/nos-livres\/","title":{"rendered":"Our books"},"content":{"rendered":"<div id=\"wp-block-themeisle-blocks-advanced-columns-fdab71c4\" class=\"wp-block-themeisle-blocks-advanced-columns has-2-columns has-desktop-equal-layout has-tablet-equal-layout has-mobile-collapsedRows-layout has-vertical-center\"><div class=\"wp-block-themeisle-blocks-advanced-columns-overlay\"><\/div><div class=\"innerblocks-wrap\">\n<div id=\"wp-block-themeisle-blocks-advanced-column-aa1405af\" class=\"wp-block-themeisle-blocks-advanced-column\"><div class=\"wp-block-image\">\n<figure class=\"aligncenter size-full is-resized\"><img loading=\"lazy\" decoding=\"async\" width=\"800\" height=\"1085\" src=\"https:\/\/www.3tpartners.com\/wp-content\/uploads\/2024\/01\/Business-transformation-mode-d-emploi.jpg\" alt=\"\" class=\"wp-image-753\" style=\"width:400px\" srcset=\"https:\/\/www.3tpartners.com\/wp-content\/uploads\/2024\/01\/Business-transformation-mode-d-emploi.jpg 800w, https:\/\/www.3tpartners.com\/wp-content\/uploads\/2024\/01\/Business-transformation-mode-d-emploi-221x300.jpg 221w, https:\/\/www.3tpartners.com\/wp-content\/uploads\/2024\/01\/Business-transformation-mode-d-emploi-755x1024.jpg 755w, https:\/\/www.3tpartners.com\/wp-content\/uploads\/2024\/01\/Business-transformation-mode-d-emploi-768x1042.jpg 768w\" sizes=\"auto, (max-width: 800px) 100vw, 800px\" \/><\/figure>\n<\/div>\n\n<div class=\"wp-block-image\">\n<figure class=\"aligncenter size-full is-resized\"><a href=\"https:\/\/www.amazon.fr\/dp\/2383950815\/\" target=\"_blank\" rel=\"noreferrer noopener\"><img loading=\"lazy\" decoding=\"async\" width=\"580\" height=\"280\" src=\"https:\/\/www.3tpartners.com\/wp-content\/uploads\/2023\/10\/amazon-shoping-logo-1.jpg\" alt=\"\" class=\"wp-image-582\" style=\"width:100px\" srcset=\"https:\/\/www.3tpartners.com\/wp-content\/uploads\/2023\/10\/amazon-shoping-logo-1.jpg 580w, https:\/\/www.3tpartners.com\/wp-content\/uploads\/2023\/10\/amazon-shoping-logo-1-300x145.jpg 300w, https:\/\/www.3tpartners.com\/wp-content\/uploads\/2023\/10\/amazon-shoping-logo-1-18x9.jpg 18w\" sizes=\"auto, (max-width: 580px) 100vw, 580px\" \/><\/a><\/figure>\n<\/div>\n\n\n<div style=\"height:20px\" aria-hidden=\"true\" class=\"wp-block-spacer\"><\/div>\n\n\n<div class=\"wp-block-image\">\n<figure class=\"aligncenter size-full is-resized\"><a href=\"https:\/\/www.cepadues.com\/livres\/sciences\/l-entreprise\/1643-business-transformation-mode-demploi-les-methodes-des-entreprises-qui-reussissent-9782383950813.html\" target=\"_blank\" rel=\"noreferrer noopener\"><img loading=\"lazy\" decoding=\"async\" width=\"800\" height=\"290\" src=\"https:\/\/www.3tpartners.com\/wp-content\/uploads\/2024\/01\/Logo_editionsCepadues.jpg\" alt=\"\" class=\"wp-image-767\" style=\"width:100px\" srcset=\"https:\/\/www.3tpartners.com\/wp-content\/uploads\/2024\/01\/Logo_editionsCepadues.jpg 800w, https:\/\/www.3tpartners.com\/wp-content\/uploads\/2024\/01\/Logo_editionsCepadues-300x109.jpg 300w, https:\/\/www.3tpartners.com\/wp-content\/uploads\/2024\/01\/Logo_editionsCepadues-768x278.jpg 768w\" sizes=\"auto, (max-width: 800px) 100vw, 800px\" \/><\/a><\/figure>\n<\/div><\/div>\n\n\n\n<div id=\"wp-block-themeisle-blocks-advanced-column-96b7a5fb\" class=\"wp-block-themeisle-blocks-advanced-column\">\n<h2 class=\"wp-block-heading has-nv-dark-bg-color has-text-color has-link-color has-large-font-size wp-elements-765e34044bead6e6b5ddb18639c35ef4\">BUSINESS TRANSFORMATION : HOW TO USE IT<\/h2>\n\n\n\n<p class=\"has-nv-dark-bg-color has-text-color has-link-color wp-elements-16f6a4a4d8d3bc8e079d06f57952440d\">Companies must transform themselves to improve their performance and seize new opportunities for value creation. They do this by carrying out programs to transform their business model and their operating model. These transformation programs are as promising as they are risky: business cases that are only partially achieved, costs multiplied by two or three, and schedules that drift by 6 to 18 months are not uncommon.<\/p>\n\n\n\n<p class=\"has-nv-dark-bg-color has-text-color has-link-color wp-elements-103fa3281c4e7b73671840745091e574\">This book presents the methods used by companies that succeed in their transformation programs. They are explained through 75 operational tips classified into 9 themes:<\/p>\n\n\n\n<ol class=\"wp-block-list has-nv-dark-bg-color has-text-color has-link-color wp-elements-80cfc3b5db1f7c930fb62a912c144bed\">\n<li>Define and plan the program.<\/li>\n\n\n\n<li>Negotiate and select service providers.<\/li>\n\n\n\n<li>Manage the program.<\/li>\n\n\n\n<li>Develop the solution.<\/li>\n\n\n\n<li>Deploy the solution.<\/li>\n\n\n\n<li>Manage projects.<\/li>\n\n\n\n<li>Protect and empower human resources.<\/li>\n\n\n\n<li>Lead change.<\/li>\n\n\n\n<li>Manage conflict with a service provider.<\/li>\n<\/ol>\n\n\n\n<p class=\"has-nv-dark-bg-color has-text-color has-link-color wp-elements-6cfb3dc0efd1eda1f1cf87898442ac57\">This book answers the practical questions asked by the operational players of a program: Transformation Director, Program Director, IT and Digital Director, Enterprise Architect, Business Process Manager.<\/p>\n\n\n\n<p class=\"has-nv-dark-bg-color has-text-color has-link-color wp-elements-8710ddb28ae70219d80e1cf1d7cff010\">Executive committees will also find useful information to define and plan a program, design its business case, make major decisions in terms of innovation and transformation, monitor the progress of the program and lead change in their company.<\/p>\n<\/div>\n<\/div><\/div>\n\n\n\n<div id=\"wp-block-themeisle-blocks-advanced-columns-129b86e5\" class=\"wp-block-themeisle-blocks-advanced-columns has-2-columns has-desktop-equal-layout has-tablet-equal-layout has-mobile-collapsedRows-layout has-vertical-center\"><div class=\"wp-block-themeisle-blocks-advanced-columns-overlay\"><\/div><div class=\"innerblocks-wrap\">\n<div id=\"wp-block-themeisle-blocks-advanced-column-ce0b036c\" class=\"wp-block-themeisle-blocks-advanced-column\"><div class=\"wp-block-image\">\n<figure class=\"aligncenter size-full is-resized\"><img loading=\"lazy\" decoding=\"async\" width=\"1037\" height=\"1500\" src=\"https:\/\/www.3tpartners.com\/wp-content\/uploads\/2024\/01\/Atteindre-vos-objectifs-yes-you-can.jpg\" alt=\"\" class=\"wp-image-754\" style=\"width:400px\" srcset=\"https:\/\/www.3tpartners.com\/wp-content\/uploads\/2024\/01\/Atteindre-vos-objectifs-yes-you-can.jpg 1037w, https:\/\/www.3tpartners.com\/wp-content\/uploads\/2024\/01\/Atteindre-vos-objectifs-yes-you-can-207x300.jpg 207w, https:\/\/www.3tpartners.com\/wp-content\/uploads\/2024\/01\/Atteindre-vos-objectifs-yes-you-can-708x1024.jpg 708w, https:\/\/www.3tpartners.com\/wp-content\/uploads\/2024\/01\/Atteindre-vos-objectifs-yes-you-can-768x1111.jpg 768w\" sizes=\"auto, (max-width: 1037px) 100vw, 1037px\" \/><\/figure>\n<\/div>\n\n<div class=\"wp-block-image\">\n<figure class=\"aligncenter size-full is-resized\"><a href=\"https:\/\/amzn.eu\/d\/1Awc6r1\" target=\"_blank\" rel=\"noreferrer noopener\"><img loading=\"lazy\" decoding=\"async\" width=\"580\" height=\"280\" src=\"https:\/\/www.3tpartners.com\/wp-content\/uploads\/2023\/10\/amazon-shoping-logo-1.jpg\" alt=\"\" class=\"wp-image-582\" style=\"width:100px\" srcset=\"https:\/\/www.3tpartners.com\/wp-content\/uploads\/2023\/10\/amazon-shoping-logo-1.jpg 580w, https:\/\/www.3tpartners.com\/wp-content\/uploads\/2023\/10\/amazon-shoping-logo-1-300x145.jpg 300w, https:\/\/www.3tpartners.com\/wp-content\/uploads\/2023\/10\/amazon-shoping-logo-1-18x9.jpg 18w\" sizes=\"auto, (max-width: 580px) 100vw, 580px\" \/><\/a><\/figure>\n<\/div><\/div>\n\n\n\n<div id=\"wp-block-themeisle-blocks-advanced-column-a496b3ac\" class=\"wp-block-themeisle-blocks-advanced-column\">\n<h2 class=\"wp-block-heading has-nv-dark-bg-color has-text-color has-link-color has-large-font-size wp-elements-02d1ff35dbebf8b7c404b8c94d3a5e9b\">ACHIEVE YOUR GOALS : YES YOU CAN!<\/h2>\n\n\n\n<p class=\"has-nv-dark-bg-color has-text-color has-link-color wp-elements-02ee4dd916e38039a8013336d923eec6\">Achieving your goals, succeeding in your projects: we are often held back in our ambitions by real or supposed obstacles (lack of time, experience, skills, relationships, money, education, connections, knowledge, etc.). However, there are many examples of great successes achieved by people who started from nothing. How did they achieve this? They acted with method and determination.<\/p>\n\n\n\n<p class=\"has-nv-dark-bg-color has-text-color has-link-color wp-elements-5950092b660bc6b67327fee4c28340dd\">This book aims to present you with an operational method to achieve your goals. You will learn to :<\/p>\n\n\n\n<ul class=\"wp-block-list has-nv-dark-bg-color has-text-color has-link-color wp-elements-ff041475d6b3ae108fa6bda58dd727ce\">\n<li>have a positive mindset.<\/li>\n\n\n\n<li>choose the right goals.<\/li>\n\n\n\n<li>program yourself to succeed.<\/li>\n\n\n\n<li>remove your blockages.<\/li>\n\n\n\n<li>find the best ideas to succeed.<\/li>\n\n\n\n<li>build a robust action plan.<\/li>\n\n\n\n<li>develop your efficiency and skills.<\/li>\n\n\n\n<li>surround yourself with the right people.<\/li>\n\n\n\n<li>know how to overcome your difficulties.<\/li>\n\n\n\n<li>move surely towards success.<\/li>\n<\/ul>\n<\/div>\n<\/div><\/div>\n\n\n\n<div id=\"wp-block-themeisle-blocks-advanced-columns-a6386905\" class=\"wp-block-themeisle-blocks-advanced-columns has-2-columns has-desktop-equal-layout has-tablet-equal-layout has-mobile-collapsedRows-layout has-vertical-center\"><div class=\"wp-block-themeisle-blocks-advanced-columns-overlay\"><\/div><div class=\"innerblocks-wrap\">\n<div id=\"wp-block-themeisle-blocks-advanced-column-0fb162ed\" class=\"wp-block-themeisle-blocks-advanced-column\"><div class=\"wp-block-image\">\n<figure class=\"aligncenter size-full is-resized\"><img loading=\"lazy\" decoding=\"async\" width=\"987\" height=\"1500\" src=\"https:\/\/www.3tpartners.com\/wp-content\/uploads\/2024\/01\/Resolution-de-conflits.jpg\" alt=\"\" class=\"wp-image-755\" style=\"width:400px\" srcset=\"https:\/\/www.3tpartners.com\/wp-content\/uploads\/2024\/01\/Resolution-de-conflits.jpg 987w, https:\/\/www.3tpartners.com\/wp-content\/uploads\/2024\/01\/Resolution-de-conflits-197x300.jpg 197w, https:\/\/www.3tpartners.com\/wp-content\/uploads\/2024\/01\/Resolution-de-conflits-674x1024.jpg 674w, https:\/\/www.3tpartners.com\/wp-content\/uploads\/2024\/01\/Resolution-de-conflits-768x1167.jpg 768w\" sizes=\"auto, (max-width: 987px) 100vw, 987px\" \/><\/figure>\n<\/div>\n\n\n<div style=\"height:20px\" aria-hidden=\"true\" class=\"wp-block-spacer\"><\/div>\n\n\n<div class=\"wp-block-image\">\n<figure class=\"aligncenter size-full is-resized\"><a href=\"https:\/\/amzn.eu\/d\/hu72g5M\" target=\"_blank\" rel=\"noreferrer noopener\"><img loading=\"lazy\" decoding=\"async\" width=\"580\" height=\"280\" src=\"https:\/\/www.3tpartners.com\/wp-content\/uploads\/2023\/10\/amazon-shoping-logo-1.jpg\" alt=\"\" class=\"wp-image-582\" style=\"width:100px\" srcset=\"https:\/\/www.3tpartners.com\/wp-content\/uploads\/2023\/10\/amazon-shoping-logo-1.jpg 580w, https:\/\/www.3tpartners.com\/wp-content\/uploads\/2023\/10\/amazon-shoping-logo-1-300x145.jpg 300w, https:\/\/www.3tpartners.com\/wp-content\/uploads\/2023\/10\/amazon-shoping-logo-1-18x9.jpg 18w\" sizes=\"auto, (max-width: 580px) 100vw, 580px\" \/><\/a><\/figure>\n<\/div><\/div>\n\n\n\n<div id=\"wp-block-themeisle-blocks-advanced-column-8c059872\" class=\"wp-block-themeisle-blocks-advanced-column\">\n<h2 class=\"wp-block-heading has-nv-dark-bg-color has-text-color has-link-color has-large-font-size wp-elements-c8f1965dd260c36fdb8079187fbb2c9f\">CONFLICTS RESOLUTION<\/h2>\n\n\n\n<p class=\"has-nv-dark-bg-color has-text-color has-link-color wp-elements-7185d57c21b4614ef1e6c86dbd8d77f9\">Conflicts are inevitable in the professional world, but there are proven methods to avoid, contain, manage and resolve them. This book, which is inspired by the training provided by the author at the National Gendarmerie Officers' School (EOGN), explains the genesis and how a conflict develops, and presents two operational methods and tools to resolve a conflict :<\/p>\n\n\n\n<ul class=\"wp-block-list has-nv-dark-bg-color has-text-color has-link-color wp-elements-841ea52a62e0b59e55726cb07b4d33be\">\n<li>understand the genesis and development of a conflict.<\/li>\n\n\n\n<li>master your emotions.<\/li>\n\n\n\n<li>avoid the trap of interpretation.<\/li>\n\n\n\n<li>decode the intentions and motivations of those involved.<\/li>\n\n\n\n<li>communicate effectively.<\/li>\n\n\n\n<li>to conduct a constructive dialogue.<\/li>\n\n\n\n<li>defend yourself against verbal aggression.<\/li>\n\n\n\n<li>to assert oneself positively.<\/li>\n\n\n\n<li>managing difficult personalities.<\/li>\n\n\n\n<li>design an exit strategy from the conflict.<\/li>\n\n\n\n<li>negotiate in a balanced and effective manner.<\/li>\n\n\n\n<li>to clarify the situation once and for all.<\/li>\n<\/ul>\n<\/div>\n<\/div><\/div>\n\n\n\n<div class=\"wp-block-cover alignfull has-parallax\" style=\"min-height:50px;aspect-ratio:unset;\"><span aria-hidden=\"true\" class=\"wp-block-cover__background has-background-dim-100 has-background-dim\"><\/span><div class=\"wp-block-cover__image-background wp-image-482 has-parallax\" style=\"background-position:50% 50%;background-image:url(https:\/\/www.3tpartners.com\/wp-content\/uploads\/2023\/10\/fond-scaled.jpg)\"><\/div><div class=\"wp-block-cover__inner-container is-layout-flow wp-block-cover-is-layout-flow\">\n<div id=\"wp-block-themeisle-blocks-advanced-columns-d6d6e7db\" class=\"wp-block-themeisle-blocks-advanced-columns has-1-columns has-desktop-equal-layout has-tablet-equal-layout has-mobile-collapsedRows-layout has-reverse-columns-mobile has-vertical-center\"><div class=\"wp-block-themeisle-blocks-advanced-columns-overlay\"><\/div><div class=\"innerblocks-wrap\">\n<div id=\"wp-block-themeisle-blocks-advanced-column-1f736bc3\" class=\"wp-block-themeisle-blocks-advanced-column\">\n<h3 class=\"wp-block-heading has-text-align-center has-medium-font-size\">Are you interested by our expertise ?<\/h3>\n\n\n\n<div class=\"wp-block-buttons is-content-justification-center is-layout-flex wp-container-core-buttons-is-layout-16018d1d wp-block-buttons-is-layout-flex\">\n<div class=\"wp-block-button has-custom-width wp-block-button__width-75\"><a class=\"wp-block-button__link has-nv-dark-bg-color has-neve-link-color-background-color has-text-color has-background has-link-color wp-element-button\" href=\"https:\/\/www.3tpartners.com\/en\/contact-us\/\">Ask us your question<\/a><\/div>\n<\/div>\n<\/div>\n<\/div><\/div>\n<\/div><\/div>","protected":false},"excerpt":{"rendered":"","protected":false},"author":1,"featured_media":0,"parent":0,"menu_order":3,"comment_status":"closed","ping_status":"closed","template":"","meta":{"neve_meta_sidebar":"","neve_meta_container":"","neve_meta_enable_content_width":"on","neve_meta_content_width":100,"neve_meta_title_alignment":"","neve_meta_author_avatar":"","neve_post_elements_order":"","neve_meta_disable_header":"","neve_meta_disable_footer":"off","neve_meta_disable_title":"on","neve_meta_reading_time":"","_themeisle_gutenberg_block_has_review":false,"_ti_tpc_template_sync":false,"_ti_tpc_template_id":"","footnotes":""},"class_list":["post-2","page","type-page","status-publish","hentry"],"yoast_head":"<!-- This site is optimized with the Yoast SEO plugin v27.5 - https:\/\/yoast.com\/product\/yoast-seo-wordpress\/ -->\n<title>Nos livres - 3TPartners.com<\/title>\n<meta name=\"description\" content=\"Business transformation : mode d&#039;emploi pr\u00e9sente les m\u00e9thodes utilis\u00e9es pour r\u00e9ussir vos programmes de transformation...\" \/>\n<meta name=\"robots\" content=\"index, follow, max-snippet:-1, max-image-preview:large, max-video-preview:-1\" \/>\n<link rel=\"canonical\" href=\"https:\/\/www.3tpartners.com\/en\/nos-livres\/\" \/>\n<meta property=\"og:locale\" content=\"en_GB\" \/>\n<meta property=\"og:type\" content=\"article\" \/>\n<meta property=\"og:title\" content=\"Nos livres - 3TPartners.com\" \/>\n<meta property=\"og:description\" content=\"Business transformation : mode d&#039;emploi pr\u00e9sente les m\u00e9thodes utilis\u00e9es pour r\u00e9ussir vos programmes de transformation...\" \/>\n<meta property=\"og:url\" content=\"https:\/\/www.3tpartners.com\/en\/nos-livres\/\" \/>\n<meta property=\"og:site_name\" content=\"3TPartners.com\" \/>\n<meta property=\"article:modified_time\" content=\"2024-11-22T09:21:06+00:00\" \/>\n<meta property=\"og:image\" content=\"https:\/\/www.3tpartners.com\/wp-content\/uploads\/2024\/01\/Business-transformation-mode-d-emploi.jpg\" \/>\n\t<meta property=\"og:image:width\" content=\"800\" \/>\n\t<meta property=\"og:image:height\" content=\"1085\" \/>\n\t<meta property=\"og:image:type\" content=\"image\/jpeg\" \/>\n<meta name=\"twitter:card\" content=\"summary_large_image\" \/>\n<meta name=\"twitter:label1\" content=\"Estimated reading time\" \/>\n\t<meta name=\"twitter:data1\" content=\"4 minutes\" \/>\n<script type=\"application\/ld+json\" class=\"yoast-schema-graph\">{\"@context\":\"https:\\\/\\\/schema.org\",\"@graph\":[{\"@type\":\"WebPage\",\"@id\":\"https:\\\/\\\/www.3tpartners.com\\\/nos-livres\\\/\",\"url\":\"https:\\\/\\\/www.3tpartners.com\\\/nos-livres\\\/\",\"name\":\"Nos livres - 3TPartners.com\",\"isPartOf\":{\"@id\":\"https:\\\/\\\/www.3tpartners.com\\\/#website\"},\"primaryImageOfPage\":{\"@id\":\"https:\\\/\\\/www.3tpartners.com\\\/nos-livres\\\/#primaryimage\"},\"image\":{\"@id\":\"https:\\\/\\\/www.3tpartners.com\\\/nos-livres\\\/#primaryimage\"},\"thumbnailUrl\":\"https:\\\/\\\/www.3tpartners.com\\\/wp-content\\\/uploads\\\/2024\\\/01\\\/Business-transformation-mode-d-emploi.jpg\",\"datePublished\":\"2023-09-25T15:45:58+00:00\",\"dateModified\":\"2024-11-22T09:21:06+00:00\",\"description\":\"Business transformation : mode d'emploi pr\u00e9sente les m\u00e9thodes utilis\u00e9es pour r\u00e9ussir vos programmes de transformation...\",\"breadcrumb\":{\"@id\":\"https:\\\/\\\/www.3tpartners.com\\\/nos-livres\\\/#breadcrumb\"},\"inLanguage\":\"en-GB\",\"potentialAction\":[{\"@type\":\"ReadAction\",\"target\":[\"https:\\\/\\\/www.3tpartners.com\\\/nos-livres\\\/\"]}]},{\"@type\":\"ImageObject\",\"inLanguage\":\"en-GB\",\"@id\":\"https:\\\/\\\/www.3tpartners.com\\\/nos-livres\\\/#primaryimage\",\"url\":\"https:\\\/\\\/www.3tpartners.com\\\/wp-content\\\/uploads\\\/2024\\\/01\\\/Business-transformation-mode-d-emploi.jpg\",\"contentUrl\":\"https:\\\/\\\/www.3tpartners.com\\\/wp-content\\\/uploads\\\/2024\\\/01\\\/Business-transformation-mode-d-emploi.jpg\"},{\"@type\":\"BreadcrumbList\",\"@id\":\"https:\\\/\\\/www.3tpartners.com\\\/nos-livres\\\/#breadcrumb\",\"itemListElement\":[{\"@type\":\"ListItem\",\"position\":1,\"name\":\"Accueil\",\"item\":\"https:\\\/\\\/www.3tpartners.com\\\/\"},{\"@type\":\"ListItem\",\"position\":2,\"name\":\"Nos livres\"}]},{\"@type\":\"WebSite\",\"@id\":\"https:\\\/\\\/www.3tpartners.com\\\/#website\",\"url\":\"https:\\\/\\\/www.3tpartners.com\\\/\",\"name\":\"3TPartners.com\",\"description\":\"Penser et agir\",\"publisher\":{\"@id\":\"https:\\\/\\\/www.3tpartners.com\\\/#organization\"},\"potentialAction\":[{\"@type\":\"SearchAction\",\"target\":{\"@type\":\"EntryPoint\",\"urlTemplate\":\"https:\\\/\\\/www.3tpartners.com\\\/?s={search_term_string}\"},\"query-input\":{\"@type\":\"PropertyValueSpecification\",\"valueRequired\":true,\"valueName\":\"search_term_string\"}}],\"inLanguage\":\"en-GB\"},{\"@type\":\"Organization\",\"@id\":\"https:\\\/\\\/www.3tpartners.com\\\/#organization\",\"name\":\"3TPartners.com\",\"url\":\"https:\\\/\\\/www.3tpartners.com\\\/\",\"logo\":{\"@type\":\"ImageObject\",\"inLanguage\":\"en-GB\",\"@id\":\"https:\\\/\\\/www.3tpartners.com\\\/#\\\/schema\\\/logo\\\/image\\\/\",\"url\":\"https:\\\/\\\/www.3tpartners.com\\\/wp-content\\\/uploads\\\/2023\\\/10\\\/aae.png\",\"contentUrl\":\"https:\\\/\\\/www.3tpartners.com\\\/wp-content\\\/uploads\\\/2023\\\/10\\\/aae.png\",\"width\":596,\"height\":596,\"caption\":\"3TPartners.com\"},\"image\":{\"@id\":\"https:\\\/\\\/www.3tpartners.com\\\/#\\\/schema\\\/logo\\\/image\\\/\"}}]}<\/script>\n<!-- \/ Yoast SEO plugin. -->","yoast_head_json":{"title":"Nos livres - 3TPartners.com","description":"Business transformation : mode d'emploi pr\u00e9sente les m\u00e9thodes utilis\u00e9es pour r\u00e9ussir vos programmes de transformation...","robots":{"index":"index","follow":"follow","max-snippet":"max-snippet:-1","max-image-preview":"max-image-preview:large","max-video-preview":"max-video-preview:-1"},"canonical":"https:\/\/www.3tpartners.com\/en\/nos-livres\/","og_locale":"en_GB","og_type":"article","og_title":"Nos livres - 3TPartners.com","og_description":"Business transformation : mode d'emploi pr\u00e9sente les m\u00e9thodes utilis\u00e9es pour r\u00e9ussir vos programmes de transformation...","og_url":"https:\/\/www.3tpartners.com\/en\/nos-livres\/","og_site_name":"3TPartners.com","article_modified_time":"2024-11-22T09:21:06+00:00","og_image":[{"width":800,"height":1085,"url":"https:\/\/www.3tpartners.com\/wp-content\/uploads\/2024\/01\/Business-transformation-mode-d-emploi.jpg","type":"image\/jpeg"}],"twitter_card":"summary_large_image","twitter_misc":{"Estimated reading time":"4 minutes"},"schema":{"@context":"https:\/\/schema.org","@graph":[{"@type":"WebPage","@id":"https:\/\/www.3tpartners.com\/nos-livres\/","url":"https:\/\/www.3tpartners.com\/nos-livres\/","name":"Nos livres - 3TPartners.com","isPartOf":{"@id":"https:\/\/www.3tpartners.com\/#website"},"primaryImageOfPage":{"@id":"https:\/\/www.3tpartners.com\/nos-livres\/#primaryimage"},"image":{"@id":"https:\/\/www.3tpartners.com\/nos-livres\/#primaryimage"},"thumbnailUrl":"https:\/\/www.3tpartners.com\/wp-content\/uploads\/2024\/01\/Business-transformation-mode-d-emploi.jpg","datePublished":"2023-09-25T15:45:58+00:00","dateModified":"2024-11-22T09:21:06+00:00","description":"Business transformation : mode d'emploi pr\u00e9sente les m\u00e9thodes utilis\u00e9es pour r\u00e9ussir vos programmes de transformation...","breadcrumb":{"@id":"https:\/\/www.3tpartners.com\/nos-livres\/#breadcrumb"},"inLanguage":"en-GB","potentialAction":[{"@type":"ReadAction","target":["https:\/\/www.3tpartners.com\/nos-livres\/"]}]},{"@type":"ImageObject","inLanguage":"en-GB","@id":"https:\/\/www.3tpartners.com\/nos-livres\/#primaryimage","url":"https:\/\/www.3tpartners.com\/wp-content\/uploads\/2024\/01\/Business-transformation-mode-d-emploi.jpg","contentUrl":"https:\/\/www.3tpartners.com\/wp-content\/uploads\/2024\/01\/Business-transformation-mode-d-emploi.jpg"},{"@type":"BreadcrumbList","@id":"https:\/\/www.3tpartners.com\/nos-livres\/#breadcrumb","itemListElement":[{"@type":"ListItem","position":1,"name":"Accueil","item":"https:\/\/www.3tpartners.com\/"},{"@type":"ListItem","position":2,"name":"Nos livres"}]},{"@type":"WebSite","@id":"https:\/\/www.3tpartners.com\/#website","url":"https:\/\/www.3tpartners.com\/","name":"3TPartners.com","description":"Penser et agir","publisher":{"@id":"https:\/\/www.3tpartners.com\/#organization"},"potentialAction":[{"@type":"SearchAction","target":{"@type":"EntryPoint","urlTemplate":"https:\/\/www.3tpartners.com\/?s={search_term_string}"},"query-input":{"@type":"PropertyValueSpecification","valueRequired":true,"valueName":"search_term_string"}}],"inLanguage":"en-GB"},{"@type":"Organization","@id":"https:\/\/www.3tpartners.com\/#organization","name":"3TPartners.com","url":"https:\/\/www.3tpartners.com\/","logo":{"@type":"ImageObject","inLanguage":"en-GB","@id":"https:\/\/www.3tpartners.com\/#\/schema\/logo\/image\/","url":"https:\/\/www.3tpartners.com\/wp-content\/uploads\/2023\/10\/aae.png","contentUrl":"https:\/\/www.3tpartners.com\/wp-content\/uploads\/2023\/10\/aae.png","width":596,"height":596,"caption":"3TPartners.com"},"image":{"@id":"https:\/\/www.3tpartners.com\/#\/schema\/logo\/image\/"}}]}},"_links":{"self":[{"href":"https:\/\/www.3tpartners.com\/en\/wp-json\/wp\/v2\/pages\/2","targetHints":{"allow":["GET"]}}],"collection":[{"href":"https:\/\/www.3tpartners.com\/en\/wp-json\/wp\/v2\/pages"}],"about":[{"href":"https:\/\/www.3tpartners.com\/en\/wp-json\/wp\/v2\/types\/page"}],"author":[{"embeddable":true,"href":"https:\/\/www.3tpartners.com\/en\/wp-json\/wp\/v2\/users\/1"}],"replies":[{"embeddable":true,"href":"https:\/\/www.3tpartners.com\/en\/wp-json\/wp\/v2\/comments?post=2"}],"version-history":[{"count":58,"href":"https:\/\/www.3tpartners.com\/en\/wp-json\/wp\/v2\/pages\/2\/revisions"}],"predecessor-version":[{"id":1029,"href":"https:\/\/www.3tpartners.com\/en\/wp-json\/wp\/v2\/pages\/2\/revisions\/1029"}],"wp:attachment":[{"href":"https:\/\/www.3tpartners.com\/en\/wp-json\/wp\/v2\/media?parent=2"}],"curies":[{"name":"wp","href":"https:\/\/api.w.org\/{rel}","templated":true}]}}